{"id":5597,"date":"2024-06-07T11:21:43","date_gmt":"2024-06-07T14:21:43","guid":{"rendered":"https:\/\/astecatopografia.com.br\/?page_id=5597"},"modified":"2024-08-06T08:55:09","modified_gmt":"2024-08-06T11:55:09","slug":"equipamentos","status":"publish","type":"page","link":"https:\/\/astecatopografia.com.br\/?page_id=5597","title":{"rendered":"Equipamentos"},"content":{"rendered":"\t\t<div data-elementor-type=\"wp-page\" data-elementor-id=\"5597\" class=\"elementor elementor-5597\" data-elementor-post-type=\"page\">\n\t\t\t\t<div class=\"elementor-element elementor-element-e70b243 e-flex e-con-boxed e-con e-parent\" data-id=\"e70b243\" data-element_type=\"container\" data-settings=\"{&quot;background_background&quot;:&quot;classic&quot;}\">\n\t\t\t\t\t<div class=\"e-con-inner\">\n\t\t\t\t<div class=\"elementor-element elementor-element-d24b3d9 elementor-widget elementor-widget-heading\" data-id=\"d24b3d9\" data-element_type=\"widget\" data-widget_type=\"heading.default\">\n\t\t\t\t<div class=\"elementor-widget-container\">\n\t\t\t\t\t<h2 class=\"elementor-heading-title elementor-size-default\">Equipamentos<\/h2>\t\t\t\t<\/div>\n\t\t\t\t<\/div>\n\t\t\t\t\t<\/div>\n\t\t\t\t<\/div>\n\t\t<div class=\"elementor-element elementor-element-577bdd8 e-flex e-con-boxed e-con e-parent\" data-id=\"577bdd8\" data-element_type=\"container\">\n\t\t\t\t\t<div class=\"e-con-inner\">\n\t\t<div class=\"elementor-element elementor-element-1410d83 e-flex e-con-boxed e-con e-child\" data-id=\"1410d83\" data-element_type=\"container\" data-settings=\"{&quot;background_background&quot;:&quot;classic&quot;}\">\n\t\t\t\t\t<div class=\"e-con-inner\">\n\t\t<div class=\"elementor-element elementor-element-bfa8747 e-con-full e-flex e-con e-child\" data-id=\"bfa8747\" data-element_type=\"container\">\n\t\t\t\t<div class=\"elementor-element elementor-element-be3acc2 elementor-widget elementor-widget-heading\" data-id=\"be3acc2\" data-element_type=\"widget\" data-widget_type=\"heading.default\">\n\t\t\t\t<div class=\"elementor-widget-container\">\n\t\t\t\t\t<h2 class=\"elementor-heading-title elementor-size-default\">Esta\u00e7\u00f5es totais Geomax Zoom 10 e Sanding ARC 5 PRO<\/h2>\t\t\t\t<\/div>\n\t\t\t\t<\/div>\n\t\t\t\t<div class=\"elementor-element elementor-element-c450778 elementor-widget elementor-widget-text-editor\" data-id=\"c450778\" data-element_type=\"widget\" data-widget_type=\"text-editor.default\">\n\t\t\t\t<div class=\"elementor-widget-container\">\n\t\t\t\t\t\t\t\t\t<p><strong>Ideal para:<\/strong><\/p><p><span style=\"font-weight: 400;\">\u2022 Demarca\u00e7\u00e3o de obras civis<br \/><\/span><span style=\"font-weight: 400;\">\u2022 Demarca\u00e7\u00e3o de estradas<br \/><\/span><span style=\"font-weight: 400;\">\u2022 Demarca\u00e7\u00e3o de drenagens<br \/><\/span><span style=\"font-weight: 400;\">\u2022 Demarca\u00e7\u00e3o de lotes<\/span><\/p>\t\t\t\t\t\t\t\t<\/div>\n\t\t\t\t<\/div>\n\t\t\t\t<\/div>\n\t\t<div class=\"elementor-element elementor-element-5ace906 e-con-full e-flex e-con e-child\" data-id=\"5ace906\" data-element_type=\"container\">\n\t\t\t\t<div class=\"elementor-element elementor-element-f2efc88 elementor-widget elementor-widget-image\" data-id=\"f2efc88\" data-element_type=\"widget\" data-widget_type=\"image.default\">\n\t\t\t\t<div class=\"elementor-widget-container\">\n\t\t\t\t\t\t\t\t\t\t\t\t\t\t\t<img fetchpriority=\"high\" decoding=\"async\" width=\"532\" height=\"325\" src=\"https:\/\/astecatopografia.com.br\/wp-content\/uploads\/2024\/07\/geomax.jpg\" class=\"attachment-large size-large wp-image-5936\" alt=\"\" srcset=\"https:\/\/astecatopografia.com.br\/wp-content\/uploads\/2024\/07\/geomax.jpg 532w, https:\/\/astecatopografia.com.br\/wp-content\/uploads\/2024\/07\/geomax-300x183.jpg 300w\" sizes=\"(max-width: 532px) 100vw, 532px\" \/>\t\t\t\t\t\t\t\t\t\t\t\t\t\t\t<\/div>\n\t\t\t\t<\/div>\n\t\t\t\t<\/div>\n\t\t\t\t\t<\/div>\n\t\t\t\t<\/div>\n\t\t\t\t\t<\/div>\n\t\t\t\t<\/div>\n\t\t<div class=\"elementor-element elementor-element-3f56ac5 e-flex e-con-boxed e-con e-parent\" data-id=\"3f56ac5\" data-element_type=\"container\">\n\t\t\t\t\t<div class=\"e-con-inner\">\n\t\t<div class=\"elementor-element elementor-element-88a6069 e-flex e-con-boxed e-con e-child\" data-id=\"88a6069\" data-element_type=\"container\" data-settings=\"{&quot;background_background&quot;:&quot;classic&quot;}\">\n\t\t\t\t\t<div class=\"e-con-inner\">\n\t\t<div class=\"elementor-element elementor-element-cdd1b27 e-con-full e-flex e-con e-child\" data-id=\"cdd1b27\" data-element_type=\"container\">\n\t\t\t\t<div class=\"elementor-element elementor-element-bd4e85c elementor-widget elementor-widget-image\" data-id=\"bd4e85c\" data-element_type=\"widget\" data-widget_type=\"image.default\">\n\t\t\t\t<div class=\"elementor-widget-container\">\n\t\t\t\t\t\t\t\t\t\t\t\t\t\t\t<img decoding=\"async\" width=\"532\" height=\"325\" src=\"https:\/\/astecatopografia.com.br\/wp-content\/uploads\/2024\/07\/geomax2.jpg\" class=\"attachment-large size-large wp-image-5943\" alt=\"\" srcset=\"https:\/\/astecatopografia.com.br\/wp-content\/uploads\/2024\/07\/geomax2.jpg 532w, https:\/\/astecatopografia.com.br\/wp-content\/uploads\/2024\/07\/geomax2-300x183.jpg 300w\" sizes=\"(max-width: 532px) 100vw, 532px\" \/>\t\t\t\t\t\t\t\t\t\t\t\t\t\t\t<\/div>\n\t\t\t\t<\/div>\n\t\t\t\t<\/div>\n\t\t<div class=\"elementor-element elementor-element-4e34cbf e-con-full e-flex e-con e-child\" data-id=\"4e34cbf\" data-element_type=\"container\">\n\t\t\t\t<div class=\"elementor-element elementor-element-672b8b4 elementor-widget elementor-widget-heading\" data-id=\"672b8b4\" data-element_type=\"widget\" data-widget_type=\"heading.default\">\n\t\t\t\t<div class=\"elementor-widget-container\">\n\t\t\t\t\t<h2 class=\"elementor-heading-title elementor-size-default\">Conjuntos de GNSS RTK Geomax<\/h2>\t\t\t\t<\/div>\n\t\t\t\t<\/div>\n\t\t\t\t<div class=\"elementor-element elementor-element-97ef737 elementor-widget elementor-widget-text-editor\" data-id=\"97ef737\" data-element_type=\"widget\" data-widget_type=\"text-editor.default\">\n\t\t\t\t<div class=\"elementor-widget-container\">\n\t\t\t\t\t\t\t\t\t<p><strong>Ideal para:<\/strong><\/p><p><span style=\"font-weight: 400;\">\u2022 Levantamentos planialtim\u00e9tricos<br \/><\/span><span style=\"font-weight: 400;\">\u2022 Georreferenciamento<br \/><\/span><span style=\"font-weight: 400;\">\u2022 Certifica\u00e7\u00e3o de im\u00f3veis rurais<br \/><\/span><span style=\"font-weight: 400;\">\u2022 Cadastros urbanos<\/span><\/p>\t\t\t\t\t\t\t\t<\/div>\n\t\t\t\t<\/div>\n\t\t\t\t<\/div>\n\t\t\t\t\t<\/div>\n\t\t\t\t<\/div>\n\t\t\t\t\t<\/div>\n\t\t\t\t<\/div>\n\t\t<div class=\"elementor-element elementor-element-4a32572 e-flex e-con-boxed e-con e-parent\" data-id=\"4a32572\" data-element_type=\"container\">\n\t\t\t\t\t<div class=\"e-con-inner\">\n\t\t<div class=\"elementor-element elementor-element-4a9f786 e-flex e-con-boxed e-con e-child\" data-id=\"4a9f786\" data-element_type=\"container\" data-settings=\"{&quot;background_background&quot;:&quot;classic&quot;}\">\n\t\t\t\t\t<div class=\"e-con-inner\">\n\t\t<div class=\"elementor-element elementor-element-d765bfa e-con-full e-flex e-con e-child\" data-id=\"d765bfa\" data-element_type=\"container\">\n\t\t\t\t<div class=\"elementor-element elementor-element-33ec635 elementor-widget elementor-widget-heading\" data-id=\"33ec635\" data-element_type=\"widget\" data-widget_type=\"heading.default\">\n\t\t\t\t<div class=\"elementor-widget-container\">\n\t\t\t\t\t<h2 class=\"elementor-heading-title elementor-size-default\">Drone Mavic 3 Enterprise \n<\/h2>\t\t\t\t<\/div>\n\t\t\t\t<\/div>\n\t\t\t\t<div class=\"elementor-element elementor-element-823136c elementor-widget elementor-widget-text-editor\" data-id=\"823136c\" data-element_type=\"widget\" data-widget_type=\"text-editor.default\">\n\t\t\t\t<div class=\"elementor-widget-container\">\n\t\t\t\t\t\t\t\t\t<p><strong>Ideal para:<\/strong><\/p><p><span style=\"font-weight: 400;\">\u2022 Gera\u00e7\u00e3o de imagens<br \/><\/span><span style=\"font-weight: 400;\">\u2022 Levantamentos planialtim\u00e9tricos de grande porte<br \/><\/span><span style=\"font-weight: 400;\">\u2022 C\u00e1lculos de volume<br \/><\/span><span style=\"font-weight: 400;\">\u2022 \u00c1reas remotas<\/span><\/p>\t\t\t\t\t\t\t\t<\/div>\n\t\t\t\t<\/div>\n\t\t\t\t<\/div>\n\t\t<div class=\"elementor-element elementor-element-8a168e7 e-con-full e-flex e-con e-child\" data-id=\"8a168e7\" data-element_type=\"container\">\n\t\t\t\t<div class=\"elementor-element elementor-element-722a54f elementor-widget elementor-widget-image\" data-id=\"722a54f\" data-element_type=\"widget\" data-widget_type=\"image.default\">\n\t\t\t\t<div class=\"elementor-widget-container\">\n\t\t\t\t\t\t\t\t\t\t\t\t\t\t\t<img decoding=\"async\" width=\"532\" height=\"325\" src=\"https:\/\/astecatopografia.com.br\/wp-content\/uploads\/2024\/07\/drone.jpg\" class=\"attachment-large size-large wp-image-5952\" alt=\"\" srcset=\"https:\/\/astecatopografia.com.br\/wp-content\/uploads\/2024\/07\/drone.jpg 532w, https:\/\/astecatopografia.com.br\/wp-content\/uploads\/2024\/07\/drone-300x183.jpg 300w\" sizes=\"(max-width: 532px) 100vw, 532px\" \/>\t\t\t\t\t\t\t\t\t\t\t\t\t\t\t<\/div>\n\t\t\t\t<\/div>\n\t\t\t\t<\/div>\n\t\t\t\t\t<\/div>\n\t\t\t\t<\/div>\n\t\t\t\t\t<\/div>\n\t\t\t\t<\/div>\n\t\t<div class=\"elementor-element elementor-element-fd2e956 e-flex e-con-boxed e-con e-parent\" data-id=\"fd2e956\" data-element_type=\"container\">\n\t\t\t\t\t<div class=\"e-con-inner\">\n\t\t<div class=\"elementor-element elementor-element-a5a448d e-flex e-con-boxed e-con e-child\" data-id=\"a5a448d\" data-element_type=\"container\" data-settings=\"{&quot;background_background&quot;:&quot;classic&quot;}\">\n\t\t\t\t\t<div class=\"e-con-inner\">\n\t\t<div class=\"elementor-element elementor-element-ebc2096 e-con-full e-flex e-con e-child\" data-id=\"ebc2096\" data-element_type=\"container\">\n\t\t\t\t<div class=\"elementor-element elementor-element-f6dcf77 elementor-widget elementor-widget-image\" data-id=\"f6dcf77\" data-element_type=\"widget\" data-widget_type=\"image.default\">\n\t\t\t\t<div class=\"elementor-widget-container\">\n\t\t\t\t\t\t\t\t\t\t\t\t\t\t\t<img loading=\"lazy\" decoding=\"async\" width=\"532\" height=\"325\" src=\"https:\/\/astecatopografia.com.br\/wp-content\/uploads\/2024\/07\/drone2.jpg\" class=\"attachment-large size-large wp-image-5954\" alt=\"\" srcset=\"https:\/\/astecatopografia.com.br\/wp-content\/uploads\/2024\/07\/drone2.jpg 532w, https:\/\/astecatopografia.com.br\/wp-content\/uploads\/2024\/07\/drone2-300x183.jpg 300w\" sizes=\"(max-width: 532px) 100vw, 532px\" \/>\t\t\t\t\t\t\t\t\t\t\t\t\t\t\t<\/div>\n\t\t\t\t<\/div>\n\t\t\t\t<\/div>\n\t\t<div class=\"elementor-element elementor-element-245fae7 e-con-full e-flex e-con e-child\" data-id=\"245fae7\" data-element_type=\"container\">\n\t\t\t\t<div class=\"elementor-element elementor-element-f622184 elementor-widget elementor-widget-heading\" data-id=\"f622184\" data-element_type=\"widget\" data-widget_type=\"heading.default\">\n\t\t\t\t<div class=\"elementor-widget-container\">\n\t\t\t\t\t<h2 class=\"elementor-heading-title elementor-size-default\">Drone Matrice 350 RTK + Sistema LIDAR Zenmuse L2<\/h2>\t\t\t\t<\/div>\n\t\t\t\t<\/div>\n\t\t\t\t<div class=\"elementor-element elementor-element-b48d64c elementor-widget elementor-widget-text-editor\" data-id=\"b48d64c\" data-element_type=\"widget\" data-widget_type=\"text-editor.default\">\n\t\t\t\t<div class=\"elementor-widget-container\">\n\t\t\t\t\t\t\t\t\t<p><strong>Ideal para:<\/strong><\/p><p><span style=\"font-weight: 400;\">\u2022 Gera\u00e7\u00e3o de modelo digital de terreno<br \/><\/span><span style=\"font-weight: 400;\">\u2022 Levantamento altim\u00e9trico de grande porte<br \/><\/span><span style=\"font-weight: 400;\">\u2022 \u00c1reas remotas<br \/><\/span><span style=\"font-weight: 400;\">\u2022 C\u00e1lculo de volume<\/span><\/p>\t\t\t\t\t\t\t\t<\/div>\n\t\t\t\t<\/div>\n\t\t\t\t<\/div>\n\t\t\t\t\t<\/div>\n\t\t\t\t<\/div>\n\t\t\t\t\t<\/div>\n\t\t\t\t<\/div>\n\t\t\t\t<\/div>\n\t\t","protected":false},"excerpt":{"rendered":"<p>Equipamentos Esta\u00e7\u00f5es totais Geomax Zoom 10 e Sanding ARC 5 PRO Ideal para: \u2022 Demarca\u00e7\u00e3o de obras civis\u2022 Demarca\u00e7\u00e3o de estradas\u2022 Demarca\u00e7\u00e3o de drenagens\u2022 Demarca\u00e7\u00e3o de lotes Conjuntos de GNSS RTK Geomax Ideal para: \u2022 Levantamentos planialtim\u00e9tricos\u2022 Georreferenciamento\u2022 Certifica\u00e7\u00e3o de im\u00f3veis rurais\u2022 Cadastros urbanos Drone Mavic 3 Enterprise Ideal para: \u2022 Gera\u00e7\u00e3o de imagens\u2022 Levantamentos [&hellip;]<\/p>\n","protected":false},"author":1,"featured_media":0,"parent":0,"menu_order":0,"comment_status":"closed","ping_status":"closed","template":"elementor_header_footer","meta":{"_acf_changed":false,"footnotes":""},"class_list":["post-5597","page","type-page","status-publish","hentry"],"acf":[],"yoast_head":"<!-- This site is optimized with the Yoast SEO plugin v24.3 - https:\/\/yoast.com\/wordpress\/plugins\/seo\/ -->\n<title>Equipamentos - Asteca Topografia<\/title>\n<meta name=\"robots\" content=\"index, follow, max-snippet:-1, max-image-preview:large, max-video-preview:-1\" \/>\n<link rel=\"canonical\" href=\"https:\/\/astecatopografia.com.br\/equipamentos\/\" \/>\n<meta property=\"og:locale\" content=\"pt_BR\" \/>\n<meta property=\"og:type\" content=\"article\" \/>\n<meta property=\"og:title\" content=\"Equipamentos - Asteca Topografia\" \/>\n<meta property=\"og:description\" content=\"Equipamentos Esta\u00e7\u00f5es totais Geomax Zoom 10 e Sanding ARC 5 PRO Ideal para: \u2022 Demarca\u00e7\u00e3o de obras civis\u2022 Demarca\u00e7\u00e3o de estradas\u2022 Demarca\u00e7\u00e3o de drenagens\u2022 Demarca\u00e7\u00e3o de lotes Conjuntos de GNSS RTK Geomax Ideal para: \u2022 Levantamentos planialtim\u00e9tricos\u2022 Georreferenciamento\u2022 Certifica\u00e7\u00e3o de im\u00f3veis rurais\u2022 Cadastros urbanos Drone Mavic 3 Enterprise Ideal para: \u2022 Gera\u00e7\u00e3o de imagens\u2022 Levantamentos [&hellip;]\" \/>\n<meta property=\"og:url\" content=\"https:\/\/astecatopografia.com.br\/equipamentos\/\" \/>\n<meta property=\"og:site_name\" content=\"Asteca Topografia\" \/>\n<meta property=\"article:modified_time\" content=\"2024-08-06T11:55:09+00:00\" \/>\n<meta property=\"og:image\" content=\"https:\/\/astecatopografia.com.br\/wp-content\/uploads\/2024\/07\/geomax.jpg\" \/>\n<meta name=\"twitter:card\" content=\"summary_large_image\" \/>\n<meta name=\"twitter:label1\" content=\"Est. tempo de leitura\" \/>\n\t<meta name=\"twitter:data1\" content=\"2 minutos\" \/>\n<script type=\"application\/ld+json\" class=\"yoast-schema-graph\">{\"@context\":\"https:\/\/schema.org\",\"@graph\":[{\"@type\":\"WebPage\",\"@id\":\"https:\/\/astecatopografia.com.br\/equipamentos\/\",\"url\":\"https:\/\/astecatopografia.com.br\/equipamentos\/\",\"name\":\"Equipamentos - Asteca Topografia\",\"isPartOf\":{\"@id\":\"https:\/\/astecatopografia.com.br\/#website\"},\"primaryImageOfPage\":{\"@id\":\"https:\/\/astecatopografia.com.br\/equipamentos\/#primaryimage\"},\"image\":{\"@id\":\"https:\/\/astecatopografia.com.br\/equipamentos\/#primaryimage\"},\"thumbnailUrl\":\"https:\/\/astecatopografia.com.br\/wp-content\/uploads\/2024\/07\/geomax.jpg\",\"datePublished\":\"2024-06-07T14:21:43+00:00\",\"dateModified\":\"2024-08-06T11:55:09+00:00\",\"breadcrumb\":{\"@id\":\"https:\/\/astecatopografia.com.br\/equipamentos\/#breadcrumb\"},\"inLanguage\":\"pt-BR\",\"potentialAction\":[{\"@type\":\"ReadAction\",\"target\":[\"https:\/\/astecatopografia.com.br\/equipamentos\/\"]}]},{\"@type\":\"ImageObject\",\"inLanguage\":\"pt-BR\",\"@id\":\"https:\/\/astecatopografia.com.br\/equipamentos\/#primaryimage\",\"url\":\"https:\/\/astecatopografia.com.br\/wp-content\/uploads\/2024\/07\/geomax.jpg\",\"contentUrl\":\"https:\/\/astecatopografia.com.br\/wp-content\/uploads\/2024\/07\/geomax.jpg\",\"width\":532,\"height\":325},{\"@type\":\"BreadcrumbList\",\"@id\":\"https:\/\/astecatopografia.com.br\/equipamentos\/#breadcrumb\",\"itemListElement\":[{\"@type\":\"ListItem\",\"position\":1,\"name\":\"In\u00edcio\",\"item\":\"https:\/\/astecatopografia.com.br\/\"},{\"@type\":\"ListItem\",\"position\":2,\"name\":\"Equipamentos\"}]},{\"@type\":\"WebSite\",\"@id\":\"https:\/\/astecatopografia.com.br\/#website\",\"url\":\"https:\/\/astecatopografia.com.br\/\",\"name\":\"Asteca Topografia\",\"description\":\"\",\"potentialAction\":[{\"@type\":\"SearchAction\",\"target\":{\"@type\":\"EntryPoint\",\"urlTemplate\":\"https:\/\/astecatopografia.com.br\/?s={search_term_string}\"},\"query-input\":{\"@type\":\"PropertyValueSpecification\",\"valueRequired\":true,\"valueName\":\"search_term_string\"}}],\"inLanguage\":\"pt-BR\"}]}<\/script>\n<!-- \/ Yoast SEO plugin. -->","yoast_head_json":{"title":"Equipamentos - Asteca Topografia","robots":{"index":"index","follow":"follow","max-snippet":"max-snippet:-1","max-image-preview":"max-image-preview:large","max-video-preview":"max-video-preview:-1"},"canonical":"https:\/\/astecatopografia.com.br\/equipamentos\/","og_locale":"pt_BR","og_type":"article","og_title":"Equipamentos - Asteca Topografia","og_description":"Equipamentos Esta\u00e7\u00f5es totais Geomax Zoom 10 e Sanding ARC 5 PRO Ideal para: \u2022 Demarca\u00e7\u00e3o de obras civis\u2022 Demarca\u00e7\u00e3o de estradas\u2022 Demarca\u00e7\u00e3o de drenagens\u2022 Demarca\u00e7\u00e3o de lotes Conjuntos de GNSS RTK Geomax Ideal para: \u2022 Levantamentos planialtim\u00e9tricos\u2022 Georreferenciamento\u2022 Certifica\u00e7\u00e3o de im\u00f3veis rurais\u2022 Cadastros urbanos Drone Mavic 3 Enterprise Ideal para: \u2022 Gera\u00e7\u00e3o de imagens\u2022 Levantamentos [&hellip;]","og_url":"https:\/\/astecatopografia.com.br\/equipamentos\/","og_site_name":"Asteca Topografia","article_modified_time":"2024-08-06T11:55:09+00:00","og_image":[{"url":"https:\/\/astecatopografia.com.br\/wp-content\/uploads\/2024\/07\/geomax.jpg","type":"","width":"","height":""}],"twitter_card":"summary_large_image","twitter_misc":{"Est. tempo de leitura":"2 minutos"},"schema":{"@context":"https:\/\/schema.org","@graph":[{"@type":"WebPage","@id":"https:\/\/astecatopografia.com.br\/equipamentos\/","url":"https:\/\/astecatopografia.com.br\/equipamentos\/","name":"Equipamentos - Asteca Topografia","isPartOf":{"@id":"https:\/\/astecatopografia.com.br\/#website"},"primaryImageOfPage":{"@id":"https:\/\/astecatopografia.com.br\/equipamentos\/#primaryimage"},"image":{"@id":"https:\/\/astecatopografia.com.br\/equipamentos\/#primaryimage"},"thumbnailUrl":"https:\/\/astecatopografia.com.br\/wp-content\/uploads\/2024\/07\/geomax.jpg","datePublished":"2024-06-07T14:21:43+00:00","dateModified":"2024-08-06T11:55:09+00:00","breadcrumb":{"@id":"https:\/\/astecatopografia.com.br\/equipamentos\/#breadcrumb"},"inLanguage":"pt-BR","potentialAction":[{"@type":"ReadAction","target":["https:\/\/astecatopografia.com.br\/equipamentos\/"]}]},{"@type":"ImageObject","inLanguage":"pt-BR","@id":"https:\/\/astecatopografia.com.br\/equipamentos\/#primaryimage","url":"https:\/\/astecatopografia.com.br\/wp-content\/uploads\/2024\/07\/geomax.jpg","contentUrl":"https:\/\/astecatopografia.com.br\/wp-content\/uploads\/2024\/07\/geomax.jpg","width":532,"height":325},{"@type":"BreadcrumbList","@id":"https:\/\/astecatopografia.com.br\/equipamentos\/#breadcrumb","itemListElement":[{"@type":"ListItem","position":1,"name":"In\u00edcio","item":"https:\/\/astecatopografia.com.br\/"},{"@type":"ListItem","position":2,"name":"Equipamentos"}]},{"@type":"WebSite","@id":"https:\/\/astecatopografia.com.br\/#website","url":"https:\/\/astecatopografia.com.br\/","name":"Asteca Topografia","description":"","potentialAction":[{"@type":"SearchAction","target":{"@type":"EntryPoint","urlTemplate":"https:\/\/astecatopografia.com.br\/?s={search_term_string}"},"query-input":{"@type":"PropertyValueSpecification","valueRequired":true,"valueName":"search_term_string"}}],"inLanguage":"pt-BR"}]}},"_links":{"self":[{"href":"https:\/\/astecatopografia.com.br\/index.php?rest_route=\/wp\/v2\/pages\/5597","targetHints":{"allow":["GET"]}}],"collection":[{"href":"https:\/\/astecatopografia.com.br\/index.php?rest_route=\/wp\/v2\/pages"}],"about":[{"href":"https:\/\/astecatopografia.com.br\/index.php?rest_route=\/wp\/v2\/types\/page"}],"author":[{"embeddable":true,"href":"https:\/\/astecatopografia.com.br\/index.php?rest_route=\/wp\/v2\/users\/1"}],"replies":[{"embeddable":true,"href":"https:\/\/astecatopografia.com.br\/index.php?rest_route=%2Fwp%2Fv2%2Fcomments&post=5597"}],"version-history":[{"count":37,"href":"https:\/\/astecatopografia.com.br\/index.php?rest_route=\/wp\/v2\/pages\/5597\/revisions"}],"predecessor-version":[{"id":6214,"href":"https:\/\/astecatopografia.com.br\/index.php?rest_route=\/wp\/v2\/pages\/5597\/revisions\/6214"}],"wp:attachment":[{"href":"https:\/\/astecatopografia.com.br\/index.php?rest_route=%2Fwp%2Fv2%2Fmedia&parent=5597"}],"curies":[{"name":"wp","href":"https:\/\/api.w.org\/{rel}","templated":true}]}}